{"id":120,"date":"2021-08-30T14:00:18","date_gmt":"2021-08-30T13:00:18","guid":{"rendered":"https:\/\/abkconsultores.com\/?page_id=120"},"modified":"2021-08-30T14:35:04","modified_gmt":"2021-08-30T13:35:04","slug":"aviso-legal","status":"publish","type":"page","link":"https:\/\/rssd5267.webaccountserver.com\/~abkconsultores\/aviso-legal\/","title":{"rendered":"Aviso legal"},"content":{"rendered":"<p>[et_pb_section fb_built=\u00bb1&#8243; _builder_version=\u00bb4.10.5&#8243; _module_preset=\u00bbdefault\u00bb global_colors_info=\u00bb{}\u00bb][et_pb_row _builder_version=\u00bb4.10.5&#8243; _module_preset=\u00bbdefault\u00bb global_colors_info=\u00bb{}\u00bb][et_pb_column type=\u00bb4_4&#8243; _builder_version=\u00bb4.10.5&#8243; _module_preset=\u00bbdefault\u00bb global_colors_info=\u00bb{}\u00bb][et_pb_text _builder_version=\u00bb4.10.5&#8243; _module_preset=\u00bbdefault\u00bb header_text_color=\u00bb#f67e38&#8243; header_font_size=\u00bb40px\u00bb header_2_text_color=\u00bb#000000&#8243; global_colors_info=\u00bb{}\u00bb]<\/p>\n<h1>Aviso legal<\/h1>\n<h2>\u00a0<\/h2>\n<h2>Propiedad intelectual de la web<\/h2>\n<p>Copyright \u00a9 2021, ABK Consultores de Gesti\u00f3n Avanzada S.L., todos los derechos de explotaci\u00f3n est\u00e1n reservados.<\/p>\n<p>Los derechos de propiedad intelectual sobre la web, dise\u00f1o gr\u00e1fico y c\u00f3digos, son titularidad de ABK Consultores de Gesti\u00f3n Avanzada S.L..<\/p>\n<p>Corresponde a dicha empresa el ejercicio exclusivo de los derechos de explotaci\u00f3n de los mismos en cualquier forma y, en especial, los derechos de reproducci\u00f3n, distribuci\u00f3n, comunicaci\u00f3n p\u00fablica y transformaci\u00f3n. Se concede el derecho de reproducci\u00f3n parcial de su contenido siempre que concurran las condiciones que seguidamente se se\u00f1alan, quedando vedados cualesquiera actos que no hayan sido expresamente autorizados por ABK Consultores de Gesti\u00f3n Avanzada S.L..<\/p>\n<p>&nbsp;<\/p>\n<h2>Condiciones para la reproducci\u00f3n parcial<\/h2>\n<p>Las condiciones para la reproducci\u00f3n parcial de la web son las siguientes:<\/p>\n<p>Que sea compatible con los fines e intereses de ABK Consultores de Gesti\u00f3n Avanzada S.L..<\/p>\n<p>Que se realice con \u00e1nimo de obtener la informaci\u00f3n contenida y no con prop\u00f3sito comercial ni para uso distinto del individual o privado.<\/p>\n<p>Que ning\u00fan contenido incluido en esta web sea modificada de forma alguna.<\/p>\n<p>Que ning\u00fan elemento disponible en esta web sea utilizado, copiado o distribuido separadamente del texto o resto de contenidos que lo acompa\u00f1an.<\/p>\n<p>Que sea comunicado previamente, por escrito y de manera fehaciente, a ABK Consultores de Gesti\u00f3n Avanzada S.L. y a su vez, se obtenga la autorizaci\u00f3n certificada de la entidad para dicha utilizaci\u00f3n.<\/p>\n<p>Que los elementos reproducidos no vayan a ser cedidos posteriormente a terceros o se instalen en un servidor conectado a Internet o a una red local.<\/p>\n<p>&nbsp;<\/p>\n<h2>Actualizaci\u00f3n de la web<\/h2>\n<p>ABK Consultores de Gesti\u00f3n Avanzada S.L. se reserva el derecho a actualizar, modificar o eliminar la informaci\u00f3n contenida en sus p\u00e1ginas web pudiendo incluso limitar o no permitir el acceso a dicha informaci\u00f3n.<\/p>\n<p>La informaci\u00f3n contenida en estas p\u00e1ginas web es la vigente en la fecha de su \u00faltima actualizaci\u00f3n y tiene que ser considerada como una informaci\u00f3n orientativa para el usuario, relativa a los productos y servicios y a otras informaciones que contienen estas p\u00e1ginas. El usuario puede confirmar la fecha de la actualizaci\u00f3n de cualquier informaci\u00f3n, si la solicita, a trav\u00e9s del buz\u00f3n de correo electr\u00f3nico que tiene a su disposici\u00f3n en el mismo web.<\/p>\n<p>&nbsp;<\/p>\n<h2>Responsabilidad de los contenidos de la web<\/h2>\n<p>ABK Consultores de Gesti\u00f3n Avanzada S.L. rechaza la responsabilidad que se derive de la mala utilizaci\u00f3n de los contenidos y se reserva el derecho a actualizarlos cuando quiera, a eliminarlos, limitarlos o impedir el acceso a ellos, de manera temporal o definitiva.<\/p>\n<p>ABK Consultores de Gesti\u00f3n Avanzada S.L. rechaza la responsabilidad sobre cualquier informaci\u00f3n no contenida en estas p\u00e1ginas web y, por tanto, no elaborada por ABK Consultores de Gesti\u00f3n Avanzada S.L. o no publicada con su nombre.<\/p>\n<p>ABK Consultores de Gesti\u00f3n Avanzada S.L. no se responsabiliza de las posibles discrepancias que puedan surgir entre la versi\u00f3n de sus documentos impresos y la versi\u00f3n electr\u00f3nica de los mismos publicados en sus p\u00e1ginas web. ABK Consultores de Gesti\u00f3n Avanzada S.L. no se responsabiliza del uso que los menores hagan de la web.<\/p>\n<p>ABK Consultores de Gesti\u00f3n Avanzada S.L. no es responsable que los contenidos de la web puedan herir la sensibilidad de los menores. Es responsabilidad de los padres asegurarse del correcto uso de una herramienta como Internet y acompa\u00f1ar a los menores en sus sesiones.<\/p>\n<p>&nbsp;<\/p>\n<h2>Responsabilidad con los enlaces<\/h2>\n<p>ABK Consultores de Gesti\u00f3n Avanzada S.L. rechaza la responsabilidad sobre la informaci\u00f3n contenida en p\u00e1ginas web de terceras personas conectadas por enlaces, con las p\u00e1ginas web de ABK Consultores de Gesti\u00f3n Avanzada S.L., o que no sean gestionadas directamente por nuestro administrador del web.<\/p>\n<p>La funci\u00f3n de los enlaces que aparecen en esta p\u00e1gina tienen s\u00f3lo finalidad informativa y en ning\u00fan caso suponen una sugerencia, invitaci\u00f3n o recomendaci\u00f3n para la visita de los lugares de destino.<\/p>\n<p>&nbsp;<\/p>\n<h2>Responsabilidad sobre seguridad<\/h2>\n<p>ABK Consultores de Gesti\u00f3n Avanzada S.L. no se hace responsable de los posibles errores de seguridad que se pudieran producir por el hecho de utilizar versiones de navegadores no actualizadas, o de las consecuencias que se pudieran derivar del mal funcionamiento del navegador.<\/p>\n<p>&nbsp;<\/p>\n<h2>Confidencialidad de los datos<\/h2>\n<p>ABK Consultores de Gesti\u00f3n Avanzada S.L. informa que para permitir que los usuarios puedan acceder a algunos de los servicios de la web, se hace necesario proceder a la recogida de datos de car\u00e1cter personal. De acuerdo con lo establecido en la Ley Org\u00e1nica 15\/1999, de 13 de diciembre, de Protecci\u00f3n de Datos de Car\u00e1cter Personal, y dem\u00e1s legislaci\u00f3n que la desarrolle o resulte aplicable, ABK Consultores de Gesti\u00f3n Avanzada S.L. informa que proceder\u00e1 a la creaci\u00f3n de un fichero automatizado de datos de car\u00e1cter personal, en el que se recoger\u00e1n aquellos datos que sean necesarios para permitir el acceso y utilizaci\u00f3n de los servicios de la web.<\/p>\n<p>ABK Consultores de Gesti\u00f3n Avanzada S.L. garantiza la adopci\u00f3n de las medidas oportunas para asegurar el tratamiento confidencial de dichos datos.<\/p>\n<p>El usuario responder\u00e1, en cualquier caso, de la veracidad de los datos facilitados. Si el usuario desea conocer o modificar los datos recogidos, solamente tiene que enviar un correo a <a href=\"mailto:abk@abkconsultores.com\">abk@abkconsultores.com<\/a> .<\/p>\n<p>&nbsp;<\/p>\n<h2>Propiedad de las im\u00e1genes<\/h2>\n<p>Todas las im\u00e1genes de esta web son propiedad de ABK Consultores de Gesti\u00f3n Avanzada S.L.. Est\u00e1n protegidas por las leyes internacionales de la propiedad intelectual y el copyright.<\/p>\n<p>Est\u00e1 prohibida su copia, reproducci\u00f3n y comunicaci\u00f3n p\u00fablica.<\/p>\n<p>Se proh\u00edbe su venta o alquiler.<\/p>\n<p>Est\u00e1 totalmente prohibida su distribuci\u00f3n, extracci\u00f3n, transmisi\u00f3n y almacenamiento en cualquier forma o soporte.<\/p>\n<p>[\/et_pb_text][\/et_pb_column][\/et_pb_row][\/et_pb_section][et_pb_section fb_built=\u00bb1&#8243; admin_label=\u00bbContacto\u00bb module_id=\u00bbcontacto\u00bb _builder_version=\u00bb4.10.5&#8243; background_color=\u00bb#383838&#8243; custom_padding=\u00bb||21px||false|false\u00bb locked=\u00bboff\u00bb global_colors_info=\u00bb{}\u00bb][et_pb_row use_custom_gutter=\u00bbon\u00bb gutter_width=\u00bb2&#8243; make_equal=\u00bbon\u00bb _builder_version=\u00bb4.0.9&#8243; width=\u00bb90%\u00bb max_width=\u00bb1170px\u00bb max_width_tablet=\u00bb90%\u00bb max_width_phone=\u00bb90%\u00bb max_width_last_edited=\u00bbon|desktop\u00bb custom_padding=\u00bb||0px||false|false\u00bb global_colors_info=\u00bb{}\u00bb][et_pb_column type=\u00bb4_4&#8243; _builder_version=\u00bb4.0.9&#8243; global_colors_info=\u00bb{}\u00bb][et_pb_image src=\u00bbhttps:\/\/abkconsultores.com\/wp-content\/uploads\/2021\/08\/logo-abk-blanco.png\u00bb alt=\u00bbABK Consultores, Expertos en Lean Management\u00bb title_text=\u00bbABK Consultores, Expertos en Lean Management\u00bb url=\u00bb#\u00bb align=\u00bbcenter\u00bb align_tablet=\u00bbleft\u00bb align_phone=\u00bbleft\u00bb align_last_edited=\u00bbon|phone\u00bb _builder_version=\u00bb4.10.5&#8243; module_alignment=\u00bbcenter\u00bb module_alignment_tablet=\u00bbleft\u00bb module_alignment_phone=\u00bbleft\u00bb module_alignment_last_edited=\u00bbon|phone\u00bb global_colors_info=\u00bb{}\u00bb][\/et_pb_image][\/et_pb_column][\/et_pb_row][et_pb_row column_structure=\u00bb1_3,1_3,1_3&#8243; use_custom_gutter=\u00bbon\u00bb gutter_width=\u00bb2&#8243; make_equal=\u00bbon\u00bb custom_padding_last_edited=\u00bbon|phone\u00bb _builder_version=\u00bb4.10.5&#8243; width=\u00bb100%\u00bb max_width_tablet=\u00bb90%\u00bb max_width_phone=\u00bb90%\u00bb max_width_last_edited=\u00bbon|tablet\u00bb custom_padding=\u00bb70px||70px||false|false\u00bb custom_padding_tablet=\u00bb50px||44px||false|false\u00bb custom_padding_phone=\u00bb49px||39px||false|false\u00bb global_colors_info=\u00bb{}\u00bb][et_pb_column type=\u00bb1_3&#8243; _builder_version=\u00bb4.0.9&#8243; global_colors_info=\u00bb{}\u00bb][et_pb_blurb title=\u00bb656 771 728&#8243; url=\u00bbtel:+34656771728&#8243; url_new_window=\u00bbon\u00bb image=\u00bbhttps:\/\/abkconsultores.com\/wp-content\/uploads\/2021\/08\/elements2-3.png\u00bb icon_placement=\u00bbleft\u00bb image_max_width=\u00bb50px\u00bb content_max_width=\u00bb100%\u00bb _builder_version=\u00bb4.10.5&#8243; header_text_align=\u00bbleft\u00bb header_text_color=\u00bb#ffffff\u00bb header_font_size=\u00bb15px\u00bb header_line_height=\u00bb2em\u00bb custom_margin=\u00bb|||39px|false|false\u00bb custom_margin_tablet=\u00bb|||0px|false|false\u00bb custom_margin_phone=\u00bb|||0px|false|false\u00bb custom_margin_last_edited=\u00bbon|phone\u00bb animation=\u00bboff\u00bb border_width_right_image=\u00bb15px\u00bb border_color_right_image=\u00bbrgba(0,0,0,0)\u00bb global_colors_info=\u00bb{}\u00bb][\/et_pb_blurb][\/et_pb_column][et_pb_column type=\u00bb1_3&#8243; _builder_version=\u00bb4.0.9&#8243; global_colors_info=\u00bb{}\u00bb][et_pb_blurb title=\u00bbabk@abkconsultores.com\u00bb url=\u00bbmailto:abk@abkconsultores.com\u00bb url_new_window=\u00bbon\u00bb image=\u00bbhttps:\/\/abkconsultores.com\/wp-content\/uploads\/2021\/08\/elements2-1.png\u00bb icon_placement=\u00bbleft\u00bb image_max_width=\u00bb50px\u00bb content_max_width=\u00bb100%\u00bb _builder_version=\u00bb4.10.5&#8243; header_text_align=\u00bbleft\u00bb header_text_color=\u00bb#ffffff\u00bb header_font_size=\u00bb15px\u00bb header_line_height=\u00bb2em\u00bb custom_margin=\u00bb|||39px|false|false\u00bb custom_margin_tablet=\u00bb|||0px|false|false\u00bb custom_margin_phone=\u00bb|||0px|false|false\u00bb custom_margin_last_edited=\u00bbon|phone\u00bb animation=\u00bboff\u00bb border_width_right_image=\u00bb15px\u00bb border_color_right_image=\u00bbrgba(0,0,0,0)\u00bb global_colors_info=\u00bb{}\u00bb][\/et_pb_blurb][\/et_pb_column][et_pb_column type=\u00bb1_3&#8243; _builder_version=\u00bb4.0.9&#8243; global_colors_info=\u00bb{}\u00bb][et_pb_blurb title=\u00bbPortuetxe, 37-2\u00ba Of. 7 20018  Donostia \u2013 San Sebasti\u00e1n\u00bb url=\u00bbhttps:\/\/maps.google.com\/maps?ll=43.302378,-2.013274&#038;z=16&#038;t=m&#038;hl=es&#038;gl=US&#038;mapclient=embed&#038;cid=2570490122806415371&#8243; url_new_window=\u00bbon\u00bb image=\u00bbhttps:\/\/abkconsultores.com\/wp-content\/uploads\/2021\/08\/elements2-2.png\u00bb icon_placement=\u00bbleft\u00bb image_max_width=\u00bb50px\u00bb content_max_width=\u00bb100%\u00bb _builder_version=\u00bb4.10.5&#8243; header_text_align=\u00bbleft\u00bb header_text_color=\u00bb#ffffff\u00bb header_font_size=\u00bb15px\u00bb header_line_height=\u00bb2em\u00bb custom_margin=\u00bb|||39px|false|false\u00bb custom_margin_tablet=\u00bb|||0px|false|false\u00bb custom_margin_phone=\u00bb|||0px|false|false\u00bb custom_margin_last_edited=\u00bbon|phone\u00bb animation=\u00bboff\u00bb border_width_right_image=\u00bb15px\u00bb border_color_right_image=\u00bbrgba(0,0,0,0)\u00bb global_colors_info=\u00bb{}\u00bb][\/et_pb_blurb][\/et_pb_column][\/et_pb_row][et_pb_row _builder_version=\u00bb4.10.5&#8243; _module_preset=\u00bbdefault\u00bb width=\u00bb100%\u00bb max_width=\u00bb2560px\u00bb custom_padding=\u00bb0px||0px||false|false\u00bb global_colors_info=\u00bb{}\u00bb][et_pb_column type=\u00bb4_4&#8243; _builder_version=\u00bb4.10.5&#8243; _module_preset=\u00bbdefault\u00bb global_colors_info=\u00bb{}\u00bb][et_pb_code _builder_version=\u00bb4.10.5&#8243; _module_preset=\u00bbdefault\u00bb global_colors_info=\u00bb{}\u00bb]<iframe src=\"https:\/\/www.google.com\/maps\/embed?pb=!1m14!1m8!1m3!1d5807.135024465715!2d-2.013274!3d43.302378!3m2!1i1024!2i768!4f13.1!3m3!1m2!1s0x0%3A0x23ac3725cc86d00b!2sABK%20Consultores!5e0!3m2!1ses!2sus!4v1630325355856!5m2!1ses!2sus\" width=\"100%\" height=\"600\" style=\"border:0;\" allowfullscreen=\"\" loading=\"lazy\"><\/iframe>[\/et_pb_code][\/et_pb_column][\/et_pb_row][et_pb_row column_structure=\u00bb1_2,1_2&#8243; use_custom_gutter=\u00bbon\u00bb gutter_width=\u00bb2&#8243; make_equal=\u00bbon\u00bb _builder_version=\u00bb4.0.9&#8243; width=\u00bb90%\u00bb max_width=\u00bb1170px\u00bb max_width_tablet=\u00bb90%\u00bb max_width_phone=\u00bb90%\u00bb max_width_last_edited=\u00bbon|desktop\u00bb custom_padding=\u00bb24px||2px||false|false\u00bb border_width_top=\u00bb1px\u00bb border_color_top=\u00bbrgba(255,255,255,0.3)\u00bb global_colors_info=\u00bb{}\u00bb][et_pb_column type=\u00bb1_2&#8243; _builder_version=\u00bb4.0.9&#8243; z_index=\u00bb999&#8243; global_colors_info=\u00bb{}\u00bb][et_pb_menu menu_id=\u00bb7&#8243; active_link_color=\u00bb#ffffff\u00bb dropdown_menu_bg_color=\u00bb#ffffff\u00bb dropdown_menu_line_color=\u00bb#ffffff\u00bb dropdown_menu_text_color=\u00bb#000000&#8243; dropdown_menu_active_link_color=\u00bb#000000&#8243; mobile_menu_bg_color=\u00bb#ffffff\u00bb mobile_menu_text_color=\u00bb#000000&#8243; cart_icon_color=\u00bb#ffffff\u00bb search_icon_color=\u00bb#ffffff\u00bb menu_icon_color=\u00bb#ffffff\u00bb _builder_version=\u00bb4.10.5&#8243; menu_text_color=\u00bb#ffffff\u00bb menu_line_height=\u00bb0.9em\u00bb background_color=\u00bbrgba(0,0,0,0)\u00bb background_layout=\u00bbdark\u00bb hover_enabled=\u00bb0&#8243; background_color_phone=\u00bbrgba(0,0,0,0)\u00bb background_last_edited=\u00bboff|phone\u00bb background_enable_color_phone=\u00bbon\u00bb global_colors_info=\u00bb{}\u00bb sticky_enabled=\u00bb0&#8243;][\/et_pb_menu][\/et_pb_column][et_pb_column type=\u00bb1_2&#8243; _builder_version=\u00bb4.0.9&#8243; global_colors_info=\u00bb{}\u00bb][et_pb_text _builder_version=\u00bb4.10.5&#8243; text_text_color=\u00bb#ffffff\u00bb text_font_size=\u00bb14px\u00bb text_line_height=\u00bb0.9em\u00bb text_orientation=\u00bbright\u00bb custom_margin=\u00bb9px||||false|false\u00bb custom_margin_tablet=\u00bb-20px||||false|false\u00bb custom_margin_phone=\u00bb-20px||||false|false\u00bb custom_margin_last_edited=\u00bbon|phone\u00bb text_line_height_tablet=\u00bb\u00bb text_line_height_phone=\u00bb1.3em\u00bb text_line_height_last_edited=\u00bbon|desktop\u00bb text_orientation_tablet=\u00bbcenter\u00bb text_orientation_phone=\u00bbcenter\u00bb text_orientation_last_edited=\u00bbon|phone\u00bb global_colors_info=\u00bb{}\u00bb text_line_height__hover_enabled=\u00bboff|desktop\u00bb]<\/p>\n<p>Copyright \u00a9 2021 &#8211; ABK Consultores de Gesti\u00f3n Avanzada S.L. &#8211; Desarrollado por <a href=\"https:\/\/anfora.net\">anfora.net<\/a><\/p>\n<p>[\/et_pb_text][\/et_pb_column][\/et_pb_row][\/et_pb_section]<\/p>\n","protected":false},"excerpt":{"rendered":"<p>Aviso legal \u00a0 Propiedad intelectual de la web Copyright \u00a9 2021, ABK Consultores de Gesti\u00f3n Avanzada S.L., todos los derechos de explotaci\u00f3n est\u00e1n reservados. Los derechos de propiedad intelectual sobre la web, dise\u00f1o gr\u00e1fico y c\u00f3digos, son titularidad de ABK Consultores de Gesti\u00f3n Avanzada S.L.. Corresponde a dicha empresa el ejercicio exclusivo de los derechos [&hellip;]<\/p>\n","protected":false},"author":1,"featured_media":0,"parent":0,"menu_order":0,"comment_status":"closed","ping_status":"closed","template":"","meta":{"_et_pb_use_builder":"on","_et_pb_old_content":"","_et_gb_content_width":""},"_links":{"self":[{"href":"https:\/\/rssd5267.webaccountserver.com\/~abkconsultores\/wp-json\/wp\/v2\/pages\/120"}],"collection":[{"href":"https:\/\/rssd5267.webaccountserver.com\/~abkconsultores\/wp-json\/wp\/v2\/pages"}],"about":[{"href":"https:\/\/rssd5267.webaccountserver.com\/~abkconsultores\/wp-json\/wp\/v2\/types\/page"}],"author":[{"embeddable":true,"href":"https:\/\/rssd5267.webaccountserver.com\/~abkconsultores\/wp-json\/wp\/v2\/users\/1"}],"replies":[{"embeddable":true,"href":"https:\/\/rssd5267.webaccountserver.com\/~abkconsultores\/wp-json\/wp\/v2\/comments?post=120"}],"version-history":[{"count":8,"href":"https:\/\/rssd5267.webaccountserver.com\/~abkconsultores\/wp-json\/wp\/v2\/pages\/120\/revisions"}],"predecessor-version":[{"id":148,"href":"https:\/\/rssd5267.webaccountserver.com\/~abkconsultores\/wp-json\/wp\/v2\/pages\/120\/revisions\/148"}],"wp:attachment":[{"href":"https:\/\/rssd5267.webaccountserver.com\/~abkconsultores\/wp-json\/wp\/v2\/media?parent=120"}],"curies":[{"name":"wp","href":"https:\/\/api.w.org\/{rel}","templated":true}]}}